{"id":1208,"date":"2017-09-06T00:51:54","date_gmt":"2017-09-05T22:51:54","guid":{"rendered":"https:\/\/pandiboo.de\/blog\/?product=schlusselanganger-kleiner-panda"},"modified":"2025-01-18T14:45:54","modified_gmt":"2025-01-18T13:45:54","slug":"schlusselanganger-kleiner-panda","status":"publish","type":"product","link":"https:\/\/pandiboo.de\/blog\/https:\/pandiboo.de\/blog\/shop\/schlusselanganger-kleiner-panda\/","title":{"rendered":"Schl\u00fcsselang\u00e4nger &#8222;Kleiner Panda&#8220;"},"content":{"rendered":"<p>Schl\u00fcsselanh\u00e4nger<\/p>\n","protected":false},"excerpt":{"rendered":"<p>Schl\u00fcsselanh\u00e4nger<\/p>\n","protected":false},"featured_media":1209,"comment_status":"open","ping_status":"closed","template":"","meta":{"_et_pb_use_builder":"","_et_pb_old_content":"","_et_gb_content_width":""},"product_brand":[],"product_cat":[138],"product_tag":[],"class_list":{"0":"post-1208","1":"product","2":"type-product","3":"status-publish","4":"has-post-thumbnail","6":"product_cat-geschenkideen","8":"first","9":"instock","10":"taxable","11":"shipping-taxable","12":"purchasable","13":"product-type-simple"},"_links":{"self":[{"href":"https:\/\/pandiboo.de\/blog\/wp-json\/wp\/v2\/product\/1208","targetHints":{"allow":["GET"]}}],"collection":[{"href":"https:\/\/pandiboo.de\/blog\/wp-json\/wp\/v2\/product"}],"about":[{"href":"https:\/\/pandiboo.de\/blog\/wp-json\/wp\/v2\/types\/product"}],"replies":[{"embeddable":true,"href":"https:\/\/pandiboo.de\/blog\/wp-json\/wp\/v2\/comments?post=1208"}],"wp:featuredmedia":[{"embeddable":true,"href":"https:\/\/pandiboo.de\/blog\/wp-json\/wp\/v2\/media\/1209"}],"wp:attachment":[{"href":"https:\/\/pandiboo.de\/blog\/wp-json\/wp\/v2\/media?parent=1208"}],"wp:term":[{"taxonomy":"product_brand","embeddable":true,"href":"https:\/\/pandiboo.de\/blog\/wp-json\/wp\/v2\/product_brand?post=1208"},{"taxonomy":"product_cat","embeddable":true,"href":"https:\/\/pandiboo.de\/blog\/wp-json\/wp\/v2\/product_cat?post=1208"},{"taxonomy":"product_tag","embeddable":true,"href":"https:\/\/pandiboo.de\/blog\/wp-json\/wp\/v2\/product_tag?post=1208"}],"curies":[{"name":"wp","href":"https:\/\/api.w.org\/{rel}","templated":true}]}}