{"id":1219,"date":"2017-12-01T20:08:54","date_gmt":"2017-12-01T19:08:54","guid":{"rendered":"https:\/\/pandiboo.de\/blog\/?product=giant-panda-20cm"},"modified":"2025-01-18T14:51:19","modified_gmt":"2025-01-18T13:51:19","slug":"giant-panda-20cm","status":"publish","type":"product","link":"https:\/\/pandiboo.de\/blog\/https:\/pandiboo.de\/blog\/shop\/giant-panda-20cm\/","title":{"rendered":"Giant Panda 20cm"},"content":{"rendered":"<p>Pl\u00fcsch Giant Panda stehend (Schulterhohe 10cm) (ca.21cm)<br \/>Der niedliche kleine Panda mit dem h\u00fcbschen Gesicht kann auch sitzend positioniert werden.<br \/>F\u00fcr alle die Panda lieben und f\u00fcr ein Pl\u00fcschtier nur wenig Platz haben.\u00a0<\/p>\n<p>waschbar 30\u00b0<br \/>Nicht geeignet f\u00fcr Kinder unter 3 Jahren<\/p>\n","protected":false},"excerpt":{"rendered":"<p>Pl\u00fcsch Giant Panda stehend<br \/>ca. 21cm (Schulterhohe 10cm)<\/p>\n","protected":false},"featured_media":1220,"comment_status":"open","ping_status":"closed","template":"","meta":{"_et_pb_use_builder":"","_et_pb_old_content":"","_et_gb_content_width":""},"product_brand":[],"product_cat":[137],"product_tag":[],"class_list":{"0":"post-1219","1":"product","2":"type-product","3":"status-publish","4":"has-post-thumbnail","6":"product_cat-stofftiere","7":"pa_brand_nc-uni-toys","9":"first","10":"instock","11":"taxable","12":"shipping-taxable","13":"purchasable","14":"product-type-simple"},"_links":{"self":[{"href":"https:\/\/pandiboo.de\/blog\/wp-json\/wp\/v2\/product\/1219","targetHints":{"allow":["GET"]}}],"collection":[{"href":"https:\/\/pandiboo.de\/blog\/wp-json\/wp\/v2\/product"}],"about":[{"href":"https:\/\/pandiboo.de\/blog\/wp-json\/wp\/v2\/types\/product"}],"replies":[{"embeddable":true,"href":"https:\/\/pandiboo.de\/blog\/wp-json\/wp\/v2\/comments?post=1219"}],"wp:featuredmedia":[{"embeddable":true,"href":"https:\/\/pandiboo.de\/blog\/wp-json\/wp\/v2\/media\/1220"}],"wp:attachment":[{"href":"https:\/\/pandiboo.de\/blog\/wp-json\/wp\/v2\/media?parent=1219"}],"wp:term":[{"taxonomy":"product_brand","embeddable":true,"href":"https:\/\/pandiboo.de\/blog\/wp-json\/wp\/v2\/product_brand?post=1219"},{"taxonomy":"product_cat","embeddable":true,"href":"https:\/\/pandiboo.de\/blog\/wp-json\/wp\/v2\/product_cat?post=1219"},{"taxonomy":"product_tag","embeddable":true,"href":"https:\/\/pandiboo.de\/blog\/wp-json\/wp\/v2\/product_tag?post=1219"}],"curies":[{"name":"wp","href":"https:\/\/api.w.org\/{rel}","templated":true}]}}