{"id":1251,"date":"2020-01-18T09:50:29","date_gmt":"2020-01-18T08:50:29","guid":{"rendered":"https:\/\/pandiboo.de\/blog\/?product=nici-zoo-friends-panda-20cm-schlenker-43623"},"modified":"2025-01-18T16:47:24","modified_gmt":"2025-01-18T15:47:24","slug":"nici-zoo-friends-panda-20cm-schlenker-43623","status":"publish","type":"product","link":"https:\/\/pandiboo.de\/blog\/https:\/pandiboo.de\/blog\/shop\/nici-zoo-friends-panda-20cm-schlenker-43623\/","title":{"rendered":"NICI Zoo Friends &#8211; Panda 20cm, Schlenker (43623)"},"content":{"rendered":"<p>Kuscheltier Panda aus <strong><span style=\"color:#cc0066\">NICI<\/span><\/strong> Pl\u00fcsch.<\/p>\n<p>Der rundliche K\u00f6rperbau macht den kleinen schwarz-wei\u00dfen Kerl zu einem gem\u00fctlichen Spielgef\u00e4hrten.<br \/>Der Panda ist aus hochwertigem Material wurde exquisit verarbeit und hat ein aufw\u00e4ndiges Design.<\/p>\n<p>H\u00f6he:20 cm<br \/>Breite:15 cm<br \/>Tiefe:11 cm<\/p>\n<p>Material F\u00fcllung:F\u00fcllwatte aus Polyester<br \/>Produkt Familie:Zoo Friends<br \/>Farbe:schwarz, wei\u00df<br \/>Material:Pl\u00fcsch\/Polyester<\/p>\n<p>Tierart:Panda<\/p>\n<p>Altersempfehlung:ab 0 Monaten<\/p>\n<p>Pflegehinweise:waschbar im Schonwaschgang bei 30 Grad<\/p>\n<p>\t<img decoding=\"async\" style=\"width: 100px;height: 44px\" src=\"https:\/\/pandiboo.de\/blog\/wp-content\/uploads\/images\/Niki-wash43623.JPG\" alt=\"\"><i class=\"icon-CE_Zeichen\" style=\",sans-serif;font-size: 50px;font-style: normal;font-weight: normal\"><\/i><\/p>\n","protected":false},"excerpt":{"rendered":"<p><strong>Nici Panda <\/strong>43623 Pl\u00fcsch 20cm<\/p>\n","protected":false},"featured_media":1252,"comment_status":"open","ping_status":"closed","template":"","meta":{"_et_pb_use_builder":"","_et_pb_old_content":"","_et_gb_content_width":""},"product_brand":[],"product_cat":[137],"product_tag":[],"class_list":{"0":"post-1251","1":"product","2":"type-product","3":"status-publish","4":"has-post-thumbnail","6":"product_cat-stofftiere","7":"pa_brand_nc-nici","9":"first","10":"instock","11":"taxable","12":"shipping-taxable","13":"purchasable","14":"product-type-simple"},"_links":{"self":[{"href":"https:\/\/pandiboo.de\/blog\/wp-json\/wp\/v2\/product\/1251","targetHints":{"allow":["GET"]}}],"collection":[{"href":"https:\/\/pandiboo.de\/blog\/wp-json\/wp\/v2\/product"}],"about":[{"href":"https:\/\/pandiboo.de\/blog\/wp-json\/wp\/v2\/types\/product"}],"replies":[{"embeddable":true,"href":"https:\/\/pandiboo.de\/blog\/wp-json\/wp\/v2\/comments?post=1251"}],"wp:featuredmedia":[{"embeddable":true,"href":"https:\/\/pandiboo.de\/blog\/wp-json\/wp\/v2\/media\/1252"}],"wp:attachment":[{"href":"https:\/\/pandiboo.de\/blog\/wp-json\/wp\/v2\/media?parent=1251"}],"wp:term":[{"taxonomy":"product_brand","embeddable":true,"href":"https:\/\/pandiboo.de\/blog\/wp-json\/wp\/v2\/product_brand?post=1251"},{"taxonomy":"product_cat","embeddable":true,"href":"https:\/\/pandiboo.de\/blog\/wp-json\/wp\/v2\/product_cat?post=1251"},{"taxonomy":"product_tag","embeddable":true,"href":"https:\/\/pandiboo.de\/blog\/wp-json\/wp\/v2\/product_tag?post=1251"}],"curies":[{"name":"wp","href":"https:\/\/api.w.org\/{rel}","templated":true}]}}