{"id":1312,"date":"2020-09-23T06:59:21","date_gmt":"2020-09-23T04:59:21","guid":{"rendered":"https:\/\/pandiboo.de\/blog\/?product=kissen-motiv-panda-vogel-schmetterling-40x40-50-x50"},"modified":"2025-01-18T13:44:26","modified_gmt":"2025-01-18T12:44:26","slug":"kissen-motiv-panda-vogel-schmetterling-40x40-50-x50","status":"publish","type":"product","link":"https:\/\/pandiboo.de\/blog\/https:\/pandiboo.de\/blog\/shop\/kissen-motiv-panda-vogel-schmetterling-40x40-50-x50\/","title":{"rendered":"Kissen Motiv Panda Vogel &#038; Schmetterling  40&#215;40 | 50 x50"},"content":{"rendered":"<p>Verleihen Sie Ihrem Wohnraum eine besondere Note mit unserem bezaubernden Panda Vogel &amp; Schmetterling Kissen. Das detailreiche Motiv vereint die Anmut eines Pandas mit der Leichtigkeit von V\u00f6geln und Schmetterlingen \u2013 ein wahrer Blickfang in jedem Raum. Die R\u00fcckseite in elegantem Schwarz rundet das Design stilvoll ab und macht das Kissen zu einem vielseitigen Wohnaccessoire.<\/p>\n<p>Das Kissen mit\u00a0 Bezug ist in den Gr\u00f6\u00dfen 40&#215;40 cm und 50&#215;50 cm erh\u00e4ltlich und passt sich damit perfekt Ihren individuellen Bed\u00fcrfnissen an. Das Kissen besteht aus hochwertiger Baumwolle, ist abnehmbar und waschbar \u2013 so bleibt Ihr Kissen stets frisch und gepflegt. Dank des praktischen Rei\u00dfverschlusses l\u00e4sst sich der Bezug leicht abnehmen.<\/p>\n<p>Hergestellt in Deutschland, \u00fcberzeugt das Kissen durch seine exzellente Verarbeitung und Qualit\u00e4t. Bringen Sie mit diesem liebevoll gestalteten Kissen Harmonie und Eleganz in Ihr Zuhause!<\/p>\n<p>Kissenbezug Motiv Panda Vogel &amp; Schmetterling, R\u00fcckseite schwarz<br \/>Gr\u00f6\u00dfe: 40&#215;40 cm\u00a0 oder 50&#215;50 cm<br \/>Rei\u00dfverschluss\u00a0<br \/>Baumwolle, Bezug waschbar, ohne F\u00fcllkissen<\/p>\n","protected":false},"excerpt":{"rendered":"<p>Kissen Motiv Panda Vogel &amp; Schmetterling, R\u00fcckseite schwarz<br \/>Gr\u00f6\u00dfe: 40&#215;40 cm\u00a0 oder 50&#215;50 cm<br \/>Rei\u00dfverschluss\u00a0<br \/>Baumwolle, Bezug waschbar,<br \/>Made in Germany\u00a0<\/p>\n","protected":false},"featured_media":1313,"comment_status":"open","ping_status":"closed","template":"","meta":{"_et_pb_use_builder":"","_et_pb_old_content":"","_et_gb_content_width":""},"product_brand":[],"product_cat":[145],"product_tag":[],"class_list":{"0":"post-1312","1":"product","2":"type-product","3":"status-publish","4":"has-post-thumbnail","6":"product_cat-deko-und-wohnen","7":"pa_grose-40x-40-cm","8":"pa_grose-50x50-cm","10":"first","11":"instock","12":"taxable","13":"shipping-taxable","14":"purchasable","15":"product-type-variable","16":"has-default-attributes"},"_links":{"self":[{"href":"https:\/\/pandiboo.de\/blog\/wp-json\/wp\/v2\/product\/1312","targetHints":{"allow":["GET"]}}],"collection":[{"href":"https:\/\/pandiboo.de\/blog\/wp-json\/wp\/v2\/product"}],"about":[{"href":"https:\/\/pandiboo.de\/blog\/wp-json\/wp\/v2\/types\/product"}],"replies":[{"embeddable":true,"href":"https:\/\/pandiboo.de\/blog\/wp-json\/wp\/v2\/comments?post=1312"}],"wp:featuredmedia":[{"embeddable":true,"href":"https:\/\/pandiboo.de\/blog\/wp-json\/wp\/v2\/media\/1313"}],"wp:attachment":[{"href":"https:\/\/pandiboo.de\/blog\/wp-json\/wp\/v2\/media?parent=1312"}],"wp:term":[{"taxonomy":"product_brand","embeddable":true,"href":"https:\/\/pandiboo.de\/blog\/wp-json\/wp\/v2\/product_brand?post=1312"},{"taxonomy":"product_cat","embeddable":true,"href":"https:\/\/pandiboo.de\/blog\/wp-json\/wp\/v2\/product_cat?post=1312"},{"taxonomy":"product_tag","embeddable":true,"href":"https:\/\/pandiboo.de\/blog\/wp-json\/wp\/v2\/product_tag?post=1312"}],"curies":[{"name":"wp","href":"https:\/\/api.w.org\/{rel}","templated":true}]}}