{"id":1318,"date":"2020-10-20T17:42:24","date_gmt":"2020-10-20T15:42:24","guid":{"rendered":"https:\/\/pandiboo.de\/blog\/?product=mund-nasen-bedeckung-community-maske-gemacht-fur-brillentrager"},"modified":"2025-01-18T17:33:44","modified_gmt":"2025-01-18T16:33:44","slug":"mund-nasen-bedeckung-community-maske-gemacht-fur-brillentrager","status":"publish","type":"product","link":"https:\/\/pandiboo.de\/blog\/https:\/pandiboo.de\/blog\/shop\/mund-nasen-bedeckung-community-maske-gemacht-fur-brillentrager\/","title":{"rendered":"Mund-Nasen-Bedeckung &#8211; Community Maske gemacht f\u00fcr Brillentr\u00e4ger"},"content":{"rendered":"<p>Die hochwertige und dreilagige Alltagsmaske eignet sich besonders f\u00fcr Brillentr\u00e4ger. Die flexible <strong>einstellbaren\u00a0Ohrenschlaufen <\/strong>und <strong>eingearbeitete\u00a0Nasenabdeckung<\/strong>\u00a0bietet bestm\u00f6glichen Trageeingenschaft.\u00a0Der integrierte Nasenschild\u00a0<strong>reduziert\u00a0beschlagene Brillengl\u00e4ser.<\/strong>\u00a0Tr\u00f6pfchenabweisende Au\u00dfenschicht\u00a0mit Lotoseffekt h\u00e4lt grobe Tr\u00f6pfchen zur\u00fcck und das eingearbeitete luftdurchl\u00e4ssige Textil\u00adnetzgewebe verhindert Feuchtigkeitsbildung\u00a0und Verunreinigungen auf der Innenseite.\u00a0Besonders atmungsaktiv\u00a0f\u00fcr angenehmen Tragekomfort \u00fcber lange Zeit. Nachhaltig durch Wiederverwendbarkeit\u00a0und langlebige Qualit\u00e4t, aus hochwertigen Stoffen gefertigt.<\/p>\n<p>Ma\u00dfe:\u00a0 (cm) B:20 x H13 f\u00fcr Erwachsene<br \/>dreilagig, Waschbar bei 60\u00b0C<\/p>\n<p>Sinnvoll &#8211; und Pflicht sind Gesichtsmasken im \u00f6ffentlichen Nahverkehr, beim Einkaufen oder in kleinen R\u00e4umen. Die mit Abstand wichtigsten Sicherheitsregel im \u00f6ffentlichen Raum ist aber nach wie vor der Abstand.<\/p>\n<p>Hinweis: Nicht f\u00fcr Kinder unter 8 Jahren geeignet. Diese Maske ist keine Schutzausr\u00fcstung (PSA), ist nicht medizinisch gepr\u00fcft und kein Medizinprodukt. Keine FFP Schutzklasse.\u00a0 Diese Maske bietet keinen Schutz f\u00fcr den Tr\u00e4ger, sondern bietet nur f\u00fcr Dritte eine geminderte Schutzfunktion und reduzieren lediglich die Wahrscheinlichkeit einer Tr\u00f6pfeninfektion.<\/p>\n<p>Eine Maske ersetzt Ma\u00dfnahmen wie Social Distancing und Kontaktreduzierung nicht!\u00a0 Die Maske ist eine Erg\u00e4nzung zum Schutz der Mitmenschen!<\/p>\n<p><span><strong>Halten Sie Abstand und bleiben Sie gesund!<\/strong><\/span><\/p>\n","protected":false},"excerpt":{"rendered":"<p>Alltagsmaske dreilagig<br \/>Flexible einstellbare Ohrenschlaufen,<br \/>\u200bNetzgewebe, eingearbeitete Nasendecke<\/p>\n<p>\u00a0<\/p>\n","protected":false},"featured_media":1319,"comment_status":"open","ping_status":"closed","template":"","meta":{"_et_pb_use_builder":"","_et_pb_old_content":"","_et_gb_content_width":""},"product_brand":[],"product_cat":[142],"product_tag":[],"class_list":{"0":"post-1318","1":"product","2":"type-product","3":"status-publish","4":"has-post-thumbnail","6":"product_cat-masken-tests","8":"first","9":"instock","10":"sale","11":"taxable","12":"shipping-taxable","13":"purchasable","14":"product-type-simple"},"_links":{"self":[{"href":"https:\/\/pandiboo.de\/blog\/wp-json\/wp\/v2\/product\/1318","targetHints":{"allow":["GET"]}}],"collection":[{"href":"https:\/\/pandiboo.de\/blog\/wp-json\/wp\/v2\/product"}],"about":[{"href":"https:\/\/pandiboo.de\/blog\/wp-json\/wp\/v2\/types\/product"}],"replies":[{"embeddable":true,"href":"https:\/\/pandiboo.de\/blog\/wp-json\/wp\/v2\/comments?post=1318"}],"wp:featuredmedia":[{"embeddable":true,"href":"https:\/\/pandiboo.de\/blog\/wp-json\/wp\/v2\/media\/1319"}],"wp:attachment":[{"href":"https:\/\/pandiboo.de\/blog\/wp-json\/wp\/v2\/media?parent=1318"}],"wp:term":[{"taxonomy":"product_brand","embeddable":true,"href":"https:\/\/pandiboo.de\/blog\/wp-json\/wp\/v2\/product_brand?post=1318"},{"taxonomy":"product_cat","embeddable":true,"href":"https:\/\/pandiboo.de\/blog\/wp-json\/wp\/v2\/product_cat?post=1318"},{"taxonomy":"product_tag","embeddable":true,"href":"https:\/\/pandiboo.de\/blog\/wp-json\/wp\/v2\/product_tag?post=1318"}],"curies":[{"name":"wp","href":"https:\/\/api.w.org\/{rel}","templated":true}]}}